{"id":155,"date":"2025-07-07T15:53:24","date_gmt":"2025-07-07T19:53:24","guid":{"rendered":"https:\/\/mercadoescola.ufms.br\/?page_id=155"},"modified":"2025-07-07T15:57:51","modified_gmt":"2025-07-07T19:57:51","slug":"manual-de-conduta-mercado-escola-ufms","status":"publish","type":"page","link":"https:\/\/mercadoescola.ufms.br\/en\/manual-de-conduta-mercado-escola-ufms\/","title":{"rendered":"Manual de Conduta"},"content":{"rendered":"<p>Seja bem-vindo(a) ao Manual de Conduta do Mercado Escola da UFMS, um guia criado para orientar e fortalecer as boas pr\u00e1ticas no uso, conviv\u00eancia e funcionamento deste espa\u00e7o inovador de ensino, pesquisa, extens\u00e3o e empreendedorismo.<\/p>\n<p>Aqui voc\u00ea encontrar\u00e1 diretrizes importantes sobre comportamento, responsabilidades, organiza\u00e7\u00e3o e funcionamento das atividades realizadas no Mercado Escola. Nosso objetivo \u00e9 garantir um ambiente \u00e9tico, colaborativo, inclusivo e sustent\u00e1vel, onde todas as pessoas \u2013 estudantes, servidores, empreendedores e visitantes \u2013 sintam-se respeitadas e correspons\u00e1veis.<\/p>\n<p>A leitura atenta deste manual \u00e9 fundamental para o bom uso do espa\u00e7o e para o fortalecimento do nosso compromisso coletivo com a Universidade p\u00fablica, democr\u00e1tica e socialmente comprometida.<\/p>\n<div class=\"ead-preview\"><div class=\"ead-document\" style=\"position: relative;padding-top: 90%;\"><div class=\"ead-iframe-wrapper\"><iframe src=\"\/\/docs.google.com\/viewer?url=https%3A%2F%2Fmercadoescola.ufms.br%2Ffiles%2F2025%2F07%2FManual-de-conduta-Mercado-Escola.docx-1.pdf&amp;embedded=true&amp;hl=en\" title=\"Embedded Document\" class=\"ead-iframe\" style=\"width: 100%;height: 100%;border: none;position: absolute;left: 0;top: 0;visibility: hidden;\"><\/iframe><\/div>\t\t\t<div class=\"ead-document-loading\" style=\"width:100%;height:100%;position:absolute;left:0;top:0;z-index:10;\">\n\t\t\t\t<div class=\"ead-loading-wrap\">\n\t\t\t\t\t<div class=\"ead-loading-main\">\n\t\t\t\t\t\t<div class=\"ead-loading\">\n\t\t\t\t\t\t\t<img decoding=\"async\" src=\"https:\/\/mercadoescola.ufms.br\/wp-content\/plugins\/embed-any-document\/images\/loading.svg\" width=\"55\" height=\"55\" alt=\"Loader\">\n\t\t\t\t\t\t\t<span>Loading...<\/span>\n\t\t\t\t\t\t<\/div>\n\t\t\t\t\t<\/div>\n\t\t\t\t\t<div class=\"ead-loading-foot\">\n\t\t\t\t\t\t<div class=\"ead-loading-foot-title\">\n\t\t\t\t\t\t\t<img decoding=\"async\" src=\"https:\/\/mercadoescola.ufms.br\/wp-content\/plugins\/embed-any-document\/images\/EAD-logo.svg\" alt=\"EAD Logo\" width=\"36\" height=\"23\"\/>\n\t\t\t\t\t\t\t<span>Taking too long?<\/span>\n\t\t\t\t\t\t<\/div>\n\t\t\t\t\t\t<p>\n\t\t\t\t\t\t\t<div class=\"ead-document-btn ead-reload-btn\" role=\"button\">\n\t\t\t\t\t\t\t\t<img decoding=\"async\" src=\"https:\/\/mercadoescola.ufms.br\/wp-content\/plugins\/embed-any-document\/images\/reload.svg\" alt=\"Reload\" width=\"12\" height=\"12\"\/> Reload document\t\t\t\t\t\t\t<\/div>\n\t\t\t\t\t\t\t<span>|<\/span>\n\t\t\t\t\t\t\t<a href=\"https:\/\/mercadoescola.ufms.br\/files\/2025\/07\/Manual-de-conduta-Mercado-Escola.docx-1.pdf\" class=\"ead-document-btn\" target=\"_blank\">\n\t\t\t\t\t\t\t\t<img loading=\"lazy\" decoding=\"async\" src=\"https:\/\/mercadoescola.ufms.br\/wp-content\/plugins\/embed-any-document\/images\/open.svg\" alt=\"Open\" width=\"12\" height=\"12\"\/> Open in new tab\t\t\t\t\t\t\t<\/a>\n\t\t\t\t\t<\/div>\n\t\t\t\t<\/div>\n\t\t\t<\/div>\n\t\t<\/div><\/div>\n","protected":false},"excerpt":{"rendered":"<p>Seja bem-vindo(a) ao Manual de Conduta do Mercado Escola da UFMS, um guia criado para orientar e fortalecer as boas pr\u00e1ticas no uso, conviv\u00eancia e funcionamento deste espa\u00e7o inovador de ensino, pesquisa, extens\u00e3o e empreendedorismo. Aqui voc\u00ea encontrar\u00e1 diretrizes importantes sobre comportamento, responsabilidades, organiza\u00e7\u00e3o e funcionamento das atividades realizadas no Mercado Escola. Nosso objetivo \u00e9 [&hellip;]<\/p>\n","protected":false},"author":47186,"featured_media":0,"parent":0,"menu_order":0,"comment_status":"closed","ping_status":"closed","template":"","meta":{"footnotes":""},"coauthors":[5],"class_list":["post-155","page","type-page","status-publish","hentry"],"_links":{"self":[{"href":"https:\/\/mercadoescola.ufms.br\/en\/wp-json\/wp\/v2\/pages\/155","targetHints":{"allow":["GET"]}}],"collection":[{"href":"https:\/\/mercadoescola.ufms.br\/en\/wp-json\/wp\/v2\/pages"}],"about":[{"href":"https:\/\/mercadoescola.ufms.br\/en\/wp-json\/wp\/v2\/types\/page"}],"author":[{"embeddable":true,"href":"https:\/\/mercadoescola.ufms.br\/en\/wp-json\/wp\/v2\/users\/47186"}],"replies":[{"embeddable":true,"href":"https:\/\/mercadoescola.ufms.br\/en\/wp-json\/wp\/v2\/comments?post=155"}],"version-history":[{"count":3,"href":"https:\/\/mercadoescola.ufms.br\/en\/wp-json\/wp\/v2\/pages\/155\/revisions"}],"predecessor-version":[{"id":161,"href":"https:\/\/mercadoescola.ufms.br\/en\/wp-json\/wp\/v2\/pages\/155\/revisions\/161"}],"wp:attachment":[{"href":"https:\/\/mercadoescola.ufms.br\/en\/wp-json\/wp\/v2\/media?parent=155"}],"wp:term":[{"taxonomy":"author","embeddable":true,"href":"https:\/\/mercadoescola.ufms.br\/en\/wp-json\/wp\/v2\/coauthors?post=155"}],"curies":[{"name":"wp","href":"https:\/\/api.w.org\/{rel}","templated":true}]}}